{"id":2011,"date":"2024-06-27T05:35:45","date_gmt":"2024-06-27T05:35:45","guid":{"rendered":"http:\/\/spaville-demo.pbminfotech.com\/demo1\/?page_id=8211"},"modified":"2024-06-27T05:35:45","modified_gmt":"2024-06-27T05:35:45","slug":"blog-grid-col-3","status":"publish","type":"page","link":"https:\/\/www.esthetiquecdegrace.ca\/en\/blog-grid-col-3\/","title":{"rendered":"Blog Grid Col 3"},"content":{"rendered":"<div data-elementor-type=\"wp-page\" data-elementor-id=\"2011\" class=\"elementor elementor-2011\" data-elementor-post-type=\"page\">\n\t\t\t\t\t\t<div class=\"elementor-section elementor-top-section elementor-element elementor-element-700377a pbmit-col-stretched-none pbmit-bg-color-over-image elementor-section-boxed elementor-section-height-default elementor-section-height-default\" data-id=\"700377a\" data-element_type=\"section\" data-e-type=\"section\">\n\t\t\t\t\t\t<div class=\"elementor-container elementor-column-gap-no\">\n\t\t\t\t\t<div class=\"elementor-column elementor-col-100 elementor-top-column elementor-element elementor-element-be176c1 pbmit-bg-color-over-image\" data-id=\"be176c1\" data-element_type=\"column\" data-e-type=\"column\">\n\t\t\t<div class=\"elementor-widget-wrap elementor-element-populated\">\n\t\t\t\t\t\t<div class=\"elementor-element elementor-element-aad8032 elementor-widget elementor-widget-pbmit_blog_element\" data-id=\"aad8032\" data-element_type=\"widget\" data-e-type=\"widget\" data-widget_type=\"pbmit_blog_element.default\">\n\t\t\t\t<div class=\"elementor-widget-container\">\n\t\t\t\t\t\t\t<div class=\"pbminfotech-element\t\t\tpbminfotech-element-blog\t\t\tpbmit-element-blog-style-1\t\t\tpbmit-element-viewtype-row-column\t\t\tpbmit-element-column-three\t\t\tpbmit-element-sticky-carousel-false\t\t\tpbmit-element-caroursel-dot-false\t\t\tpbmit-infinite-scroll-no\t\t\tpbmit-infinite-scroll-button-no\t\t\tpbminfotech-gap-default\"\r\n\t\t\tdata-cpt=\"blog\"\r\n\t\t\tdata-totalpagination=\"1\"\r\n\t\t\tdata-style=\"1\"\r\n\t\t\tdata-show=\"6\"\r\n\t\t\tdata-columns=\"3\"\r\n\t\t\tdata-loop=\"false\"\r\n\t\t\tdata-autoplay=\"false\"\r\n\t\t\tdata-center=\"false\"\r\n\t\t\tdata-nav=\"false\"\r\n\t\t\tdata-dots=\"false\"\r\n\t\t\tdata-reverse=\"false\"\r\n\t\t\tdata-speed=\"1000\"\r\n\t\t\tdata-delay=\"4000\"\r\n\t\t\tdata-margin=\"default\"\r\n\t\t\tdata-show-portion=\"false\">\r\n\t\t\t<div class=\"pbmit-element-inner\">\r\n\t\t\t\t<div class=\"pbmit-ele-header-area\">\r\n\t\t\t <div class=\"pbmit-heading-subheading  animation-style4\"><\/div>\t\t\t\t\t<\/div>\r\n\t\t<div class=\"pbmit-infinite-scroll-data\">{\"cpt\":\"blog\",\"style\":\"1\",\"columns\":\"3\",\"show\":6,\"order\":\"DESC\",\"orderby\":\"none\"}<\/div>\t\t\t<div class=\"pbmit-no-data-message\">No data available.<\/div>\r\n\t\t\t\t\t<\/div><!-- .pbmit-element-inner -->\r\n\t\t<\/div><!-- .pbminfotech-element -->\r\n\t\t\t\t\t\t<\/div>\n\t\t\t\t<\/div>\n\t\t\t\t\t<\/div>\n\t\t<\/div>\n\t\t\t\t\t<\/div>\n\t\t<\/div>\n\t\t\t\t<\/div>","protected":false},"excerpt":{"rendered":"<p>{\u00ab\u00a0cpt\u00a0\u00bb:\u00a0\u00bbblog\u00a0\u00bb,\u00a0\u00bbstyle\u00a0\u00bb:\u00a0\u00bb1&Prime;,\u00a0\u00bbcolumns\u00a0\u00bb:\u00a0\u00bb3&Prime;,\u00a0\u00bbshow\u00a0\u00bb:6,\u00a0\u00bborder\u00a0\u00bb:\u00a0\u00bbDESC\u00a0\u00bb,\u00a0\u00bborderby\u00a0\u00bb:\u00a0\u00bbnone\u00a0\u00bb} Body &amp; Bath 13th June, 2024 Byadmin Effects Of Australia Head Massage and Benefits Most basic form, which is not to say it is any the less pampering. Usually&hellip; Read More Make up 13th June, 2024 Byadmin Get The Health Benefits of Turkish Bathroom? Most basic form, which is not to say it is [&hellip;]<\/p>\n","protected":false},"author":1,"featured_media":0,"parent":0,"menu_order":29,"comment_status":"closed","ping_status":"closed","template":"","meta":{"_acf_changed":false,"inline_featured_image":false,"_monsterinsights_skip_tracking":false,"_monsterinsights_sitenote_active":false,"_monsterinsights_sitenote_note":"","_monsterinsights_sitenote_category":0,"footnotes":""},"class_list":["post-2011","page","type-page","status-publish","hentry"],"acf":[],"yoast_head":"<!-- This site is optimized with the Yoast SEO Premium plugin v27.4 (Yoast SEO v27.5) - https:\/\/yoast.com\/product\/yoast-seo-premium-wordpress\/ -->\n<title>Blog Grid Col 3 - Esth\u00e9tique Cl\u00e9mence de Gr\u00e2ce<\/title>\n<meta name=\"robots\" content=\"index, follow, max-snippet:-1, max-image-preview:large, max-video-preview:-1\" \/>\n<link rel=\"canonical\" href=\"https:\/\/www.esthetiquecdegrace.ca\/en\/blog-grid-col-3\/\" \/>\n<meta property=\"og:locale\" content=\"en_US\" \/>\n<meta property=\"og:type\" content=\"article\" \/>\n<meta property=\"og:title\" content=\"Blog Grid Col 3\" \/>\n<meta property=\"og:description\" content=\"{&quot;cpt&quot;:&quot;blog&quot;,&quot;style&quot;:&quot;1&quot;,&quot;columns&quot;:&quot;3&quot;,&quot;show&quot;:6,&quot;order&quot;:&quot;DESC&quot;,&quot;orderby&quot;:&quot;none&quot;} Body &amp; Bath 13th June, 2024 Byadmin Effects Of Australia Head\" \/>\n<meta property=\"og:url\" content=\"https:\/\/www.esthetiquecdegrace.ca\/en\/blog-grid-col-3\/\" \/>\n<meta property=\"og:site_name\" content=\"Esth\u00e9tique Cl\u00e9mence de Gr\u00e2ce\" \/>\n<meta property=\"article:publisher\" content=\"https:\/\/www.facebook.com\/esthetique.cdegrace\/\" \/>\n<meta property=\"og:image\" content=\"http:\/\/spaville-demo.pbminfotech.com\/demo1\/wp-content\/uploads\/sites\/2\/2024\/06\/blog-01-890x640.jpg\" \/>\n<meta name=\"twitter:card\" content=\"summary_large_image\" \/>\n<meta name=\"twitter:label1\" content=\"Est. reading time\" \/>\n\t<meta name=\"twitter:data1\" content=\"1 minute\" \/>\n<script type=\"application\/ld+json\" class=\"yoast-schema-graph\">{\"@context\":\"https:\\\/\\\/schema.org\",\"@graph\":[{\"@type\":\"WebPage\",\"@id\":\"https:\\\/\\\/www.esthetiquecdegrace.ca\\\/blog-grid-col-3\\\/\",\"url\":\"https:\\\/\\\/www.esthetiquecdegrace.ca\\\/blog-grid-col-3\\\/\",\"name\":\"Blog Grid Col 3 - Esth\u00e9tique Cl\u00e9mence de Gr\u00e2ce\",\"isPartOf\":{\"@id\":\"https:\\\/\\\/www.esthetiquecdegrace.ca\\\/#website\"},\"primaryImageOfPage\":{\"@id\":\"https:\\\/\\\/www.esthetiquecdegrace.ca\\\/blog-grid-col-3\\\/#primaryimage\"},\"image\":{\"@id\":\"https:\\\/\\\/www.esthetiquecdegrace.ca\\\/blog-grid-col-3\\\/#primaryimage\"},\"thumbnailUrl\":\"http:\\\/\\\/spaville-demo.pbminfotech.com\\\/demo1\\\/wp-content\\\/uploads\\\/sites\\\/2\\\/2024\\\/06\\\/blog-01-890x640.jpg\",\"datePublished\":\"2024-06-27T05:35:45+00:00\",\"breadcrumb\":{\"@id\":\"https:\\\/\\\/www.esthetiquecdegrace.ca\\\/blog-grid-col-3\\\/#breadcrumb\"},\"inLanguage\":\"en-CA\",\"potentialAction\":[{\"@type\":\"ReadAction\",\"target\":[\"https:\\\/\\\/www.esthetiquecdegrace.ca\\\/blog-grid-col-3\\\/\"]}]},{\"@type\":\"ImageObject\",\"inLanguage\":\"en-CA\",\"@id\":\"https:\\\/\\\/www.esthetiquecdegrace.ca\\\/blog-grid-col-3\\\/#primaryimage\",\"url\":\"http:\\\/\\\/spaville-demo.pbminfotech.com\\\/demo1\\\/wp-content\\\/uploads\\\/sites\\\/2\\\/2024\\\/06\\\/blog-01-890x640.jpg\",\"contentUrl\":\"http:\\\/\\\/spaville-demo.pbminfotech.com\\\/demo1\\\/wp-content\\\/uploads\\\/sites\\\/2\\\/2024\\\/06\\\/blog-01-890x640.jpg\"},{\"@type\":\"BreadcrumbList\",\"@id\":\"https:\\\/\\\/www.esthetiquecdegrace.ca\\\/blog-grid-col-3\\\/#breadcrumb\",\"itemListElement\":[{\"@type\":\"ListItem\",\"position\":1,\"name\":\"Home\",\"item\":\"https:\\\/\\\/www.esthetiquecdegrace.ca\\\/\"},{\"@type\":\"ListItem\",\"position\":2,\"name\":\"Blog Grid Col 3\"}]},{\"@type\":\"WebSite\",\"@id\":\"https:\\\/\\\/www.esthetiquecdegrace.ca\\\/#website\",\"url\":\"https:\\\/\\\/www.esthetiquecdegrace.ca\\\/\",\"name\":\"Esth\u00e9tique Cl\u00e9mence de Gr\u00e2ce\",\"description\":\"Soins complets, m\u00e9dico-esth\u00e9tique\",\"publisher\":{\"@id\":\"https:\\\/\\\/www.esthetiquecdegrace.ca\\\/#organization\"},\"potentialAction\":[{\"@type\":\"SearchAction\",\"target\":{\"@type\":\"EntryPoint\",\"urlTemplate\":\"https:\\\/\\\/www.esthetiquecdegrace.ca\\\/?s={search_term_string}\"},\"query-input\":{\"@type\":\"PropertyValueSpecification\",\"valueRequired\":true,\"valueName\":\"search_term_string\"}}],\"inLanguage\":\"en-CA\"},{\"@type\":[\"Organization\",\"Place\",\"BeautySalon\"],\"@id\":\"https:\\\/\\\/www.esthetiquecdegrace.ca\\\/#organization\",\"name\":\"Centre d'esth\u00e9tique Cl\u00e9mence de Gr\u00e2ce\",\"alternateName\":\"Esthetique C de Grace\",\"url\":\"https:\\\/\\\/www.esthetiquecdegrace.ca\\\/\",\"logo\":{\"@type\":\"ImageObject\",\"inLanguage\":\"en-CA\",\"@id\":\"https:\\\/\\\/www.esthetiquecdegrace.ca\\\/#\\\/schema\\\/logo\\\/image\\\/\",\"url\":\"https:\\\/\\\/www.esthetiquecdegrace.ca\\\/wp-content\\\/uploads\\\/logo-addresse-e1524744904317-site-web-e1636899900800.jpg\",\"contentUrl\":\"https:\\\/\\\/www.esthetiquecdegrace.ca\\\/wp-content\\\/uploads\\\/logo-addresse-e1524744904317-site-web-e1636899900800.jpg\",\"width\":955,\"height\":349,\"caption\":\"Centre d'esth\u00e9tique Cl\u00e9mence de Gr\u00e2ce\"},\"image\":{\"@id\":\"https:\\\/\\\/www.esthetiquecdegrace.ca\\\/#\\\/schema\\\/logo\\\/image\\\/\"},\"sameAs\":[\"https:\\\/\\\/www.facebook.com\\\/esthetique.cdegrace\\\/\"],\"telephone\":[\"15143543116\"],\"email\":\"info@esthetiquecdegrace.com\",\"currenciesAccepted\":\"ca\",\"paymentAccepted\":\"all\",\"openingHoursSpecification\":[]}]}<\/script>\n<!-- \/ Yoast SEO Premium plugin. -->","yoast_head_json":{"title":"Blog Grid Col 3 - Esth\u00e9tique Cl\u00e9mence de Gr\u00e2ce","robots":{"index":"index","follow":"follow","max-snippet":"max-snippet:-1","max-image-preview":"max-image-preview:large","max-video-preview":"max-video-preview:-1"},"canonical":"https:\/\/www.esthetiquecdegrace.ca\/en\/blog-grid-col-3\/","og_locale":"en_US","og_type":"article","og_title":"Blog Grid Col 3","og_description":"{\"cpt\":\"blog\",\"style\":\"1\",\"columns\":\"3\",\"show\":6,\"order\":\"DESC\",\"orderby\":\"none\"} Body &amp; Bath 13th June, 2024 Byadmin Effects Of Australia Head","og_url":"https:\/\/www.esthetiquecdegrace.ca\/en\/blog-grid-col-3\/","og_site_name":"Esth\u00e9tique Cl\u00e9mence de Gr\u00e2ce","article_publisher":"https:\/\/www.facebook.com\/esthetique.cdegrace\/","og_image":[{"url":"http:\/\/spaville-demo.pbminfotech.com\/demo1\/wp-content\/uploads\/sites\/2\/2024\/06\/blog-01-890x640.jpg","type":"","width":"","height":""}],"twitter_card":"summary_large_image","twitter_misc":{"Est. reading time":"1 minute"},"schema":{"@context":"https:\/\/schema.org","@graph":[{"@type":"WebPage","@id":"https:\/\/www.esthetiquecdegrace.ca\/blog-grid-col-3\/","url":"https:\/\/www.esthetiquecdegrace.ca\/blog-grid-col-3\/","name":"Blog Grid Col 3 - Esth\u00e9tique Cl\u00e9mence de Gr\u00e2ce","isPartOf":{"@id":"https:\/\/www.esthetiquecdegrace.ca\/#website"},"primaryImageOfPage":{"@id":"https:\/\/www.esthetiquecdegrace.ca\/blog-grid-col-3\/#primaryimage"},"image":{"@id":"https:\/\/www.esthetiquecdegrace.ca\/blog-grid-col-3\/#primaryimage"},"thumbnailUrl":"http:\/\/spaville-demo.pbminfotech.com\/demo1\/wp-content\/uploads\/sites\/2\/2024\/06\/blog-01-890x640.jpg","datePublished":"2024-06-27T05:35:45+00:00","breadcrumb":{"@id":"https:\/\/www.esthetiquecdegrace.ca\/blog-grid-col-3\/#breadcrumb"},"inLanguage":"en-CA","potentialAction":[{"@type":"ReadAction","target":["https:\/\/www.esthetiquecdegrace.ca\/blog-grid-col-3\/"]}]},{"@type":"ImageObject","inLanguage":"en-CA","@id":"https:\/\/www.esthetiquecdegrace.ca\/blog-grid-col-3\/#primaryimage","url":"http:\/\/spaville-demo.pbminfotech.com\/demo1\/wp-content\/uploads\/sites\/2\/2024\/06\/blog-01-890x640.jpg","contentUrl":"http:\/\/spaville-demo.pbminfotech.com\/demo1\/wp-content\/uploads\/sites\/2\/2024\/06\/blog-01-890x640.jpg"},{"@type":"BreadcrumbList","@id":"https:\/\/www.esthetiquecdegrace.ca\/blog-grid-col-3\/#breadcrumb","itemListElement":[{"@type":"ListItem","position":1,"name":"Home","item":"https:\/\/www.esthetiquecdegrace.ca\/"},{"@type":"ListItem","position":2,"name":"Blog Grid Col 3"}]},{"@type":"WebSite","@id":"https:\/\/www.esthetiquecdegrace.ca\/#website","url":"https:\/\/www.esthetiquecdegrace.ca\/","name":"Aesthetics Clemency of Grace","description":"Comprehensive care, medico-aesthetic","publisher":{"@id":"https:\/\/www.esthetiquecdegrace.ca\/#organization"},"potentialAction":[{"@type":"SearchAction","target":{"@type":"EntryPoint","urlTemplate":"https:\/\/www.esthetiquecdegrace.ca\/?s={search_term_string}"},"query-input":{"@type":"PropertyValueSpecification","valueRequired":true,"valueName":"search_term_string"}}],"inLanguage":"en-CA"},{"@type":["Organization","Place","BeautySalon"],"@id":"https:\/\/www.esthetiquecdegrace.ca\/#organization","name":"Centre d'esth\u00e9tique Cl\u00e9mence de Gr\u00e2ce","alternateName":"Esthetique C de Grace","url":"https:\/\/www.esthetiquecdegrace.ca\/","logo":{"@type":"ImageObject","inLanguage":"en-CA","@id":"https:\/\/www.esthetiquecdegrace.ca\/#\/schema\/logo\/image\/","url":"https:\/\/www.esthetiquecdegrace.ca\/wp-content\/uploads\/logo-addresse-e1524744904317-site-web-e1636899900800.jpg","contentUrl":"https:\/\/www.esthetiquecdegrace.ca\/wp-content\/uploads\/logo-addresse-e1524744904317-site-web-e1636899900800.jpg","width":955,"height":349,"caption":"Centre d'esth\u00e9tique Cl\u00e9mence de Gr\u00e2ce"},"image":{"@id":"https:\/\/www.esthetiquecdegrace.ca\/#\/schema\/logo\/image\/"},"sameAs":["https:\/\/www.facebook.com\/esthetique.cdegrace\/"],"telephone":["15143543116"],"email":"info@esthetiquecdegrace.com","currenciesAccepted":"ca","paymentAccepted":"all","openingHoursSpecification":[]}]}},"_links":{"self":[{"href":"https:\/\/www.esthetiquecdegrace.ca\/en\/wp-json\/wp\/v2\/pages\/2011","targetHints":{"allow":["GET"]}}],"collection":[{"href":"https:\/\/www.esthetiquecdegrace.ca\/en\/wp-json\/wp\/v2\/pages"}],"about":[{"href":"https:\/\/www.esthetiquecdegrace.ca\/en\/wp-json\/wp\/v2\/types\/page"}],"author":[{"embeddable":true,"href":"https:\/\/www.esthetiquecdegrace.ca\/en\/wp-json\/wp\/v2\/users\/1"}],"replies":[{"embeddable":true,"href":"https:\/\/www.esthetiquecdegrace.ca\/en\/wp-json\/wp\/v2\/comments?post=2011"}],"version-history":[{"count":0,"href":"https:\/\/www.esthetiquecdegrace.ca\/en\/wp-json\/wp\/v2\/pages\/2011\/revisions"}],"wp:attachment":[{"href":"https:\/\/www.esthetiquecdegrace.ca\/en\/wp-json\/wp\/v2\/media?parent=2011"}],"curies":[{"name":"wp","href":"https:\/\/api.w.org\/{rel}","templated":true}]}}