{"id":2018,"date":"2024-06-27T05:07:01","date_gmt":"2024-06-27T05:07:01","guid":{"rendered":"http:\/\/spaville-demo.pbminfotech.com\/demo1\/?page_id=8142"},"modified":"2024-06-27T05:07:01","modified_gmt":"2024-06-27T05:07:01","slug":"sortable-grid-col-4","status":"publish","type":"page","link":"https:\/\/www.esthetiquecdegrace.ca\/en\/sortable-grid-col-4\/","title":{"rendered":"Sortable Grid Col 4"},"content":{"rendered":"<div data-elementor-type=\"wp-page\" data-elementor-id=\"2018\" class=\"elementor elementor-2018\" data-elementor-post-type=\"page\">\n\t\t\t\t\t\t<div class=\"elementor-section elementor-top-section elementor-element elementor-element-f57ad9d elementor-section-full_width elementor-section-stretched pbmit-col-stretched-none pbmit-bg-color-over-image elementor-section-height-default elementor-section-height-default\" data-id=\"f57ad9d\" data-element_type=\"section\" data-e-type=\"section\" data-settings=\"{&quot;stretch_section&quot;:&quot;section-stretched&quot;}\">\n\t\t\t\t\t\t<div class=\"elementor-container elementor-column-gap-no\">\n\t\t\t\t\t<div class=\"elementor-column elementor-col-100 elementor-top-column elementor-element elementor-element-947b615 pbmit-bg-color-over-image\" data-id=\"947b615\" data-element_type=\"column\" data-e-type=\"column\">\n\t\t\t<div class=\"elementor-widget-wrap elementor-element-populated\">\n\t\t\t\t\t\t<div class=\"elementor-element elementor-element-e457356 elementor-widget elementor-widget-pbmit_portfolio_element\" data-id=\"e457356\" data-element_type=\"widget\" data-e-type=\"widget\" data-widget_type=\"pbmit_portfolio_element.default\">\n\t\t\t\t<div class=\"elementor-widget-container\">\n\t\t\t\t\t\t\t\t\t<div class=\"pbminfotech-element\t\t\tpbminfotech-element-portfolio\t\t\tpbmit-element-portfolio-style-1\t\t\tpbmit-element-viewtype-row-column\t\t\tpbmit-element-column-four\t\t\tpbmit-element-sticky-carousel-false\t\t\tpbmit-element-caroursel-dot-false\t\t\tpbmit-infinite-scroll-no\t\t\tpbmit-infinite-scroll-button-no\t\t\tpbminfotech-gap-default\t\t\t\t\t\tpbmit-sortable-yes\"\n\t\t\tdata-cpt=\"portfolio\"\n\t\t\tdata-totalpagination=\"2\"\n\t\t\tdata-style=\"1\"\n\t\t\tdata-show=\"8\"\n\t\t\tdata-columns=\"4\"\n\t\t\tdata-loop=\"false\"\n\t\t\tdata-autoplay=\"false\"\n\t\t\tdata-center=\"false\"\n\t\t\tdata-nav=\"false\"\n\t\t\tdata-dots=\"false\"\n\t\t\tdata-reverse=\"false\"\n\t\t\tdata-speed=\"1000\"\n\t\t\tdata-delay=\"4000\"\n\t\t\tdata-margin=\"default\"\n\t\t\tdata-show-portion=\"false\">\n\t\t\t<div class=\"pbmit-element-inner\">\n\t\t\t\t<div class=\"pbmit-ele-header-area\">\n\t\t\t <div class=\"pbmit-heading-subheading  animation-style4\"><\/div>\t\t\t<div class=\"pbmit-sortable-list\"><ul class=\"pbmit-sortable-list-ul\">\n\t\t\t\t<li><a href=\"#\" class=\"pbmit-sortable-link pbmit-selected\" data-category=\"*\" data-sortby=\"*\">All<\/a><\/li><li><a href=\"#\" class=\"pbmit-sortable-link\" data-category=\"beauty\" data-sortby=\"pbmit-term-245\">Beauty<\/a><\/li><li><a href=\"#\" class=\"pbmit-sortable-link\" data-category=\"cosmetics\" data-sortby=\"pbmit-term-246\">Cosmetics<\/a><\/li><li><a href=\"#\" class=\"pbmit-sortable-link\" data-category=\"herbal\" data-sortby=\"pbmit-term-247\">Herbal<\/a><\/li><li><a href=\"#\" class=\"pbmit-sortable-link\" data-category=\"lifestyle\" data-sortby=\"pbmit-term-248\">Lifestyle<\/a><\/li><li><a href=\"#\" class=\"pbmit-sortable-link\" data-category=\"relaxation\" data-sortby=\"pbmit-term-249\">Relaxation<\/a><\/li><li><a href=\"#\" class=\"pbmit-sortable-link\" data-category=\"treatment\" data-sortby=\"pbmit-term-250\">Treatment<\/a><\/li>\n\t\t\t<\/ul><\/div>\t\t<\/div>\n\t\t<div class=\"pbmit-infinite-scroll-data\">{\"cpt\":\"portfolio\",\"style\":\"1\",\"columns\":\"4\",\"show\":8,\"order\":\"DESC\",\"orderby\":\"none\"}<\/div>\t\t\t\t<div class=\"pbmit-element-posts-wrapper row multi-columns-row\" >\n\t\t\t\t\t<article class=\"pbmit-ele pbmit-ele-portfolio pbmit-portfolio-style-1 col-md-6 col-lg-3 beauty pbmit-term-245 pbmit-odd pbmit-col-odd\"><div class=\"pbminfotech-post-content\">\n\t\t<div class=\"pbminfotech-box-content\">\n\t\t<div class=\"pbminfotech-titlebox\">\n\t\t\t<div class=\"pbmit-port-cat\"><a href=\"https:\/\/www.esthetiquecdegrace.ca\/en\/portfolio-category\/beauty\/\" rel=\"tag\">Beauty<\/a><\/div>\n\t\t\t<h3 class=\"pbmit-portfolio-title\"><a href=\"https:\/\/www.esthetiquecdegrace.ca\/en\/portfolio\/hot-spring\/\">Hot Spring<\/a><\/h3>\n\t\t<\/div>\n\t<\/div>\n<\/div><\/article><article class=\"pbmit-ele pbmit-ele-portfolio pbmit-portfolio-style-1 col-md-6 col-lg-3 cosmetics pbmit-term-246 pbmit-even pbmit-col-odd\"><div class=\"pbminfotech-post-content\">\n\t\t<div class=\"pbminfotech-box-content\">\n\t\t<div class=\"pbminfotech-titlebox\">\n\t\t\t<div class=\"pbmit-port-cat\"><a href=\"https:\/\/www.esthetiquecdegrace.ca\/en\/portfolio-category\/cosmetics\/\" rel=\"tag\">Cosmetics<\/a><\/div>\n\t\t\t<h3 class=\"pbmit-portfolio-title\"><a href=\"https:\/\/www.esthetiquecdegrace.ca\/en\/portfolio\/facial-scrubs\/\">Facial Scrubs<\/a><\/h3>\n\t\t<\/div>\n\t<\/div>\n<\/div><\/article><article class=\"pbmit-ele pbmit-ele-portfolio pbmit-portfolio-style-1 col-md-6 col-lg-3 herbal pbmit-term-247 pbmit-odd pbmit-col-odd\"><div class=\"pbminfotech-post-content\">\n\t\t<div class=\"pbminfotech-box-content\">\n\t\t<div class=\"pbminfotech-titlebox\">\n\t\t\t<div class=\"pbmit-port-cat\"><a href=\"https:\/\/www.esthetiquecdegrace.ca\/en\/portfolio-category\/herbal\/\" rel=\"tag\">Herbal<\/a><\/div>\n\t\t\t<h3 class=\"pbmit-portfolio-title\"><a href=\"https:\/\/www.esthetiquecdegrace.ca\/en\/portfolio\/treatment-herbal-oils\/\">Treatment Herbal Oils<\/a><\/h3>\n\t\t<\/div>\n\t<\/div>\n<\/div><\/article><article class=\"pbmit-ele pbmit-ele-portfolio pbmit-portfolio-style-1 col-md-6 col-lg-3 lifestyle pbmit-term-248 pbmit-even pbmit-col-odd\"><div class=\"pbminfotech-post-content\">\n\t\t<div class=\"pbminfotech-box-content\">\n\t\t<div class=\"pbminfotech-titlebox\">\n\t\t\t<div class=\"pbmit-port-cat\"><a href=\"https:\/\/www.esthetiquecdegrace.ca\/en\/portfolio-category\/lifestyle\/\" rel=\"tag\">Lifestyle<\/a><\/div>\n\t\t\t<h3 class=\"pbmit-portfolio-title\"><a href=\"https:\/\/www.esthetiquecdegrace.ca\/en\/portfolio\/wooden-goodie\/\">Wooden Goodie<\/a><\/h3>\n\t\t<\/div>\n\t<\/div>\n<\/div><\/article><article class=\"pbmit-ele pbmit-ele-portfolio pbmit-portfolio-style-1 col-md-6 col-lg-3 relaxation pbmit-term-249 pbmit-odd pbmit-col-even\"><div class=\"pbminfotech-post-content\">\n\t\t<div class=\"pbminfotech-box-content\">\n\t\t<div class=\"pbminfotech-titlebox\">\n\t\t\t<div class=\"pbmit-port-cat\"><a href=\"https:\/\/www.esthetiquecdegrace.ca\/en\/portfolio-category\/relaxation\/\" rel=\"tag\">Relaxation<\/a><\/div>\n\t\t\t<h3 class=\"pbmit-portfolio-title\"><a href=\"https:\/\/www.esthetiquecdegrace.ca\/en\/portfolio\/the-chill-factor\/\">The Chill Factor<\/a><\/h3>\n\t\t<\/div>\n\t<\/div>\n<\/div><\/article><article class=\"pbmit-ele pbmit-ele-portfolio pbmit-portfolio-style-1 col-md-6 col-lg-3 relaxation pbmit-term-249 pbmit-even pbmit-col-even\"><div class=\"pbminfotech-post-content\">\n\t\t<div class=\"pbminfotech-box-content\">\n\t\t<div class=\"pbminfotech-titlebox\">\n\t\t\t<div class=\"pbmit-port-cat\"><a href=\"https:\/\/www.esthetiquecdegrace.ca\/en\/portfolio-category\/relaxation\/\" rel=\"tag\">Relaxation<\/a><\/div>\n\t\t\t<h3 class=\"pbmit-portfolio-title\"><a href=\"https:\/\/www.esthetiquecdegrace.ca\/en\/portfolio\/the-complete-pack\/\">The Complete Pack<\/a><\/h3>\n\t\t<\/div>\n\t<\/div>\n<\/div><\/article><article class=\"pbmit-ele pbmit-ele-portfolio pbmit-portfolio-style-1 col-md-6 col-lg-3 treatment pbmit-term-250 pbmit-odd pbmit-col-even\"><div class=\"pbminfotech-post-content\">\n\t\t<div class=\"pbminfotech-box-content\">\n\t\t<div class=\"pbminfotech-titlebox\">\n\t\t\t<div class=\"pbmit-port-cat\"><a href=\"https:\/\/www.esthetiquecdegrace.ca\/en\/portfolio-category\/treatment\/\" rel=\"tag\">Treatment<\/a><\/div>\n\t\t\t<h3 class=\"pbmit-portfolio-title\"><a href=\"https:\/\/www.esthetiquecdegrace.ca\/en\/portfolio\/signature-treatments\/\">Signature Treatments<\/a><\/h3>\n\t\t<\/div>\n\t<\/div>\n<\/div><\/article><article class=\"pbmit-ele pbmit-ele-portfolio pbmit-portfolio-style-1 col-md-6 col-lg-3 herbal pbmit-term-247 pbmit-even pbmit-col-even\"><div class=\"pbminfotech-post-content\">\n\t\t<div class=\"pbminfotech-box-content\">\n\t\t<div class=\"pbminfotech-titlebox\">\n\t\t\t<div class=\"pbmit-port-cat\"><a href=\"https:\/\/www.esthetiquecdegrace.ca\/en\/portfolio-category\/herbal\/\" rel=\"tag\">Herbal<\/a><\/div>\n\t\t\t<h3 class=\"pbmit-portfolio-title\"><a href=\"https:\/\/www.esthetiquecdegrace.ca\/en\/portfolio\/rejuvenating-spa\/\">Rejuvenating Spa<\/a><\/h3>\n\t\t<\/div>\n\t<\/div>\n<\/div><\/article>\t\t\t<\/div>\n\n\t\t\t\n\t\t\t\t\t<\/div><!-- .pbmit-element-inner -->\n\t\t<\/div><!-- .pbminfotech-element -->\n\t\t\t\t\t\t<\/div>\n\t\t\t\t<\/div>\n\t\t\t\t\t<\/div>\n\t\t<\/div>\n\t\t\t\t\t<\/div>\n\t\t<\/div>\n\t\t\t\t<\/div>","protected":false},"excerpt":{"rendered":"<p>All Beauty Cosmetics Herbal Lifestyle Relaxation Treatment {\u00ab\u00a0cpt\u00a0\u00bb:\u00a0\u00bbportfolio\u00a0\u00bb,\u00a0\u00bbstyle\u00a0\u00bb:\u00a0\u00bb1&Prime;,\u00a0\u00bbcolumns\u00a0\u00bb:\u00a0\u00bb4&Prime;,\u00a0\u00bbshow\u00a0\u00bb:8,\u00a0\u00bborder\u00a0\u00bb:\u00a0\u00bbDESC\u00a0\u00bb,\u00a0\u00bborderby\u00a0\u00bb:\u00a0\u00bbnone\u00a0\u00bb} Beauty Hot Spring Cosmetics facial scrubs Herbal Treatment Herbal Oils Lifestyle Wooden Goodie Relaxation The Chill Factor Relaxation The Complete Pack Treatment Signature Treatments Herbal Rejuvenating Spa<\/p>","protected":false},"author":1,"featured_media":0,"parent":0,"menu_order":23,"comment_status":"closed","ping_status":"closed","template":"","meta":{"_acf_changed":false,"inline_featured_image":false,"_monsterinsights_skip_tracking":false,"_monsterinsights_sitenote_active":false,"_monsterinsights_sitenote_note":"","_monsterinsights_sitenote_category":0,"footnotes":""},"class_list":["post-2018","page","type-page","status-publish","hentry"],"acf":[],"yoast_head":"<!-- This site is optimized with the Yoast SEO Premium plugin v26.4 (Yoast SEO v27.4) - https:\/\/yoast.com\/product\/yoast-seo-premium-wordpress\/ -->\n<title>Sortable Grid Col 4 - Esth\u00e9tique Cl\u00e9mence de Gr\u00e2ce<\/title>\n<meta name=\"robots\" content=\"index, follow, max-snippet:-1, max-image-preview:large, max-video-preview:-1\" \/>\n<link rel=\"canonical\" href=\"https:\/\/www.esthetiquecdegrace.ca\/en\/sortable-grid-col-4\/\" \/>\n<meta property=\"og:locale\" content=\"en_US\" \/>\n<meta property=\"og:type\" content=\"article\" \/>\n<meta property=\"og:title\" content=\"Sortable Grid Col 4\" \/>\n<meta property=\"og:description\" content=\"AllBeautyCosmeticsHerbalLifestyleRelaxationTreatment {&quot;cpt&quot;:&quot;portfolio&quot;,&quot;style&quot;:&quot;1&quot;,&quot;columns&quot;:&quot;4&quot;,&quot;show&quot;:8,&quot;order&quot;:&quot;DESC&quot;,&quot;orderby&quot;:&quot;none&quot;} Beauty Hot\" \/>\n<meta property=\"og:url\" content=\"https:\/\/www.esthetiquecdegrace.ca\/en\/sortable-grid-col-4\/\" \/>\n<meta property=\"og:site_name\" content=\"Esth\u00e9tique Cl\u00e9mence de Gr\u00e2ce\" \/>\n<meta property=\"article:publisher\" content=\"https:\/\/www.facebook.com\/esthetique.cdegrace\/\" \/>\n<meta property=\"og:image\" content=\"http:\/\/spaville-demo.pbminfotech.com\/demo1\/wp-content\/uploads\/sites\/2\/2024\/06\/portfolio-01-890x995.jpg\" \/>\n<meta name=\"twitter:card\" content=\"summary_large_image\" \/>\n<script type=\"application\/ld+json\" class=\"yoast-schema-graph\">{\"@context\":\"https:\\\/\\\/schema.org\",\"@graph\":[{\"@type\":\"WebPage\",\"@id\":\"https:\\\/\\\/www.esthetiquecdegrace.ca\\\/sortable-grid-col-4\\\/\",\"url\":\"https:\\\/\\\/www.esthetiquecdegrace.ca\\\/sortable-grid-col-4\\\/\",\"name\":\"Sortable Grid Col 4 - Esth\u00e9tique Cl\u00e9mence de Gr\u00e2ce\",\"isPartOf\":{\"@id\":\"https:\\\/\\\/www.esthetiquecdegrace.ca\\\/#website\"},\"primaryImageOfPage\":{\"@id\":\"https:\\\/\\\/www.esthetiquecdegrace.ca\\\/sortable-grid-col-4\\\/#primaryimage\"},\"image\":{\"@id\":\"https:\\\/\\\/www.esthetiquecdegrace.ca\\\/sortable-grid-col-4\\\/#primaryimage\"},\"thumbnailUrl\":\"http:\\\/\\\/spaville-demo.pbminfotech.com\\\/demo1\\\/wp-content\\\/uploads\\\/sites\\\/2\\\/2024\\\/06\\\/portfolio-01-890x995.jpg\",\"datePublished\":\"2024-06-27T05:07:01+00:00\",\"breadcrumb\":{\"@id\":\"https:\\\/\\\/www.esthetiquecdegrace.ca\\\/sortable-grid-col-4\\\/#breadcrumb\"},\"inLanguage\":\"en-CA\",\"potentialAction\":[{\"@type\":\"ReadAction\",\"target\":[\"https:\\\/\\\/www.esthetiquecdegrace.ca\\\/sortable-grid-col-4\\\/\"]}]},{\"@type\":\"ImageObject\",\"inLanguage\":\"en-CA\",\"@id\":\"https:\\\/\\\/www.esthetiquecdegrace.ca\\\/sortable-grid-col-4\\\/#primaryimage\",\"url\":\"http:\\\/\\\/spaville-demo.pbminfotech.com\\\/demo1\\\/wp-content\\\/uploads\\\/sites\\\/2\\\/2024\\\/06\\\/portfolio-01-890x995.jpg\",\"contentUrl\":\"http:\\\/\\\/spaville-demo.pbminfotech.com\\\/demo1\\\/wp-content\\\/uploads\\\/sites\\\/2\\\/2024\\\/06\\\/portfolio-01-890x995.jpg\"},{\"@type\":\"BreadcrumbList\",\"@id\":\"https:\\\/\\\/www.esthetiquecdegrace.ca\\\/sortable-grid-col-4\\\/#breadcrumb\",\"itemListElement\":[{\"@type\":\"ListItem\",\"position\":1,\"name\":\"Home\",\"item\":\"https:\\\/\\\/www.esthetiquecdegrace.ca\\\/\"},{\"@type\":\"ListItem\",\"position\":2,\"name\":\"Sortable Grid Col 4\"}]},{\"@type\":\"WebSite\",\"@id\":\"https:\\\/\\\/www.esthetiquecdegrace.ca\\\/#website\",\"url\":\"https:\\\/\\\/www.esthetiquecdegrace.ca\\\/\",\"name\":\"Esth\u00e9tique Cl\u00e9mence de Gr\u00e2ce\",\"description\":\"Soins complets, m\u00e9dico-esth\u00e9tique\",\"publisher\":{\"@id\":\"https:\\\/\\\/www.esthetiquecdegrace.ca\\\/#organization\"},\"potentialAction\":[{\"@type\":\"SearchAction\",\"target\":{\"@type\":\"EntryPoint\",\"urlTemplate\":\"https:\\\/\\\/www.esthetiquecdegrace.ca\\\/?s={search_term_string}\"},\"query-input\":{\"@type\":\"PropertyValueSpecification\",\"valueRequired\":true,\"valueName\":\"search_term_string\"}}],\"inLanguage\":\"en-CA\"},{\"@type\":[\"Organization\",\"Place\",\"BeautySalon\"],\"@id\":\"https:\\\/\\\/www.esthetiquecdegrace.ca\\\/#organization\",\"name\":\"Centre d'esth\u00e9tique Cl\u00e9mence de Gr\u00e2ce\",\"alternateName\":\"Esthetique C de Grace\",\"url\":\"https:\\\/\\\/www.esthetiquecdegrace.ca\\\/\",\"logo\":{\"@type\":\"ImageObject\",\"inLanguage\":\"en-CA\",\"@id\":\"https:\\\/\\\/www.esthetiquecdegrace.ca\\\/#\\\/schema\\\/logo\\\/image\\\/\",\"url\":\"https:\\\/\\\/www.esthetiquecdegrace.ca\\\/wp-content\\\/uploads\\\/logo-addresse-e1524744904317-site-web-e1636899900800.jpg\",\"contentUrl\":\"https:\\\/\\\/www.esthetiquecdegrace.ca\\\/wp-content\\\/uploads\\\/logo-addresse-e1524744904317-site-web-e1636899900800.jpg\",\"width\":955,\"height\":349,\"caption\":\"Centre d'esth\u00e9tique Cl\u00e9mence de Gr\u00e2ce\"},\"image\":{\"@id\":\"https:\\\/\\\/www.esthetiquecdegrace.ca\\\/#\\\/schema\\\/logo\\\/image\\\/\"},\"sameAs\":[\"https:\\\/\\\/www.facebook.com\\\/esthetique.cdegrace\\\/\"],\"telephone\":[\"15143543116\"],\"email\":\"info@esthetiquecdegrace.com\",\"currenciesAccepted\":\"ca\",\"paymentAccepted\":\"all\",\"openingHoursSpecification\":[]}]}<\/script>\n<!-- \/ Yoast SEO Premium plugin. -->","yoast_head_json":{"title":"Sortable Grid Col 4 - Esth\u00e9tique Cl\u00e9mence de Gr\u00e2ce","robots":{"index":"index","follow":"follow","max-snippet":"max-snippet:-1","max-image-preview":"max-image-preview:large","max-video-preview":"max-video-preview:-1"},"canonical":"https:\/\/www.esthetiquecdegrace.ca\/en\/sortable-grid-col-4\/","og_locale":"en_US","og_type":"article","og_title":"Sortable Grid Col 4","og_description":"AllBeautyCosmeticsHerbalLifestyleRelaxationTreatment {\"cpt\":\"portfolio\",\"style\":\"1\",\"columns\":\"4\",\"show\":8,\"order\":\"DESC\",\"orderby\":\"none\"} Beauty Hot","og_url":"https:\/\/www.esthetiquecdegrace.ca\/en\/sortable-grid-col-4\/","og_site_name":"Esth\u00e9tique Cl\u00e9mence de Gr\u00e2ce","article_publisher":"https:\/\/www.facebook.com\/esthetique.cdegrace\/","og_image":[{"url":"http:\/\/spaville-demo.pbminfotech.com\/demo1\/wp-content\/uploads\/sites\/2\/2024\/06\/portfolio-01-890x995.jpg","type":"","width":"","height":""}],"twitter_card":"summary_large_image","schema":{"@context":"https:\/\/schema.org","@graph":[{"@type":"WebPage","@id":"https:\/\/www.esthetiquecdegrace.ca\/sortable-grid-col-4\/","url":"https:\/\/www.esthetiquecdegrace.ca\/sortable-grid-col-4\/","name":"Sortable Grid Col 4 - Esth\u00e9tique Cl\u00e9mence de Gr\u00e2ce","isPartOf":{"@id":"https:\/\/www.esthetiquecdegrace.ca\/#website"},"primaryImageOfPage":{"@id":"https:\/\/www.esthetiquecdegrace.ca\/sortable-grid-col-4\/#primaryimage"},"image":{"@id":"https:\/\/www.esthetiquecdegrace.ca\/sortable-grid-col-4\/#primaryimage"},"thumbnailUrl":"http:\/\/spaville-demo.pbminfotech.com\/demo1\/wp-content\/uploads\/sites\/2\/2024\/06\/portfolio-01-890x995.jpg","datePublished":"2024-06-27T05:07:01+00:00","breadcrumb":{"@id":"https:\/\/www.esthetiquecdegrace.ca\/sortable-grid-col-4\/#breadcrumb"},"inLanguage":"en-CA","potentialAction":[{"@type":"ReadAction","target":["https:\/\/www.esthetiquecdegrace.ca\/sortable-grid-col-4\/"]}]},{"@type":"ImageObject","inLanguage":"en-CA","@id":"https:\/\/www.esthetiquecdegrace.ca\/sortable-grid-col-4\/#primaryimage","url":"http:\/\/spaville-demo.pbminfotech.com\/demo1\/wp-content\/uploads\/sites\/2\/2024\/06\/portfolio-01-890x995.jpg","contentUrl":"http:\/\/spaville-demo.pbminfotech.com\/demo1\/wp-content\/uploads\/sites\/2\/2024\/06\/portfolio-01-890x995.jpg"},{"@type":"BreadcrumbList","@id":"https:\/\/www.esthetiquecdegrace.ca\/sortable-grid-col-4\/#breadcrumb","itemListElement":[{"@type":"ListItem","position":1,"name":"Home","item":"https:\/\/www.esthetiquecdegrace.ca\/"},{"@type":"ListItem","position":2,"name":"Sortable Grid Col 4"}]},{"@type":"WebSite","@id":"https:\/\/www.esthetiquecdegrace.ca\/#website","url":"https:\/\/www.esthetiquecdegrace.ca\/","name":"Aesthetics Clemency of Grace","description":"Comprehensive care, medico-aesthetic","publisher":{"@id":"https:\/\/www.esthetiquecdegrace.ca\/#organization"},"potentialAction":[{"@type":"SearchAction","target":{"@type":"EntryPoint","urlTemplate":"https:\/\/www.esthetiquecdegrace.ca\/?s={search_term_string}"},"query-input":{"@type":"PropertyValueSpecification","valueRequired":true,"valueName":"search_term_string"}}],"inLanguage":"en-CA"},{"@type":["Organization","Place","BeautySalon"],"@id":"https:\/\/www.esthetiquecdegrace.ca\/#organization","name":"Centre d'esth\u00e9tique Cl\u00e9mence de Gr\u00e2ce","alternateName":"Esthetique C de Grace","url":"https:\/\/www.esthetiquecdegrace.ca\/","logo":{"@type":"ImageObject","inLanguage":"en-CA","@id":"https:\/\/www.esthetiquecdegrace.ca\/#\/schema\/logo\/image\/","url":"https:\/\/www.esthetiquecdegrace.ca\/wp-content\/uploads\/logo-addresse-e1524744904317-site-web-e1636899900800.jpg","contentUrl":"https:\/\/www.esthetiquecdegrace.ca\/wp-content\/uploads\/logo-addresse-e1524744904317-site-web-e1636899900800.jpg","width":955,"height":349,"caption":"Centre d'esth\u00e9tique Cl\u00e9mence de Gr\u00e2ce"},"image":{"@id":"https:\/\/www.esthetiquecdegrace.ca\/#\/schema\/logo\/image\/"},"sameAs":["https:\/\/www.facebook.com\/esthetique.cdegrace\/"],"telephone":["15143543116"],"email":"info@esthetiquecdegrace.com","currenciesAccepted":"ca","paymentAccepted":"all","openingHoursSpecification":[]}]}},"_links":{"self":[{"href":"https:\/\/www.esthetiquecdegrace.ca\/en\/wp-json\/wp\/v2\/pages\/2018","targetHints":{"allow":["GET"]}}],"collection":[{"href":"https:\/\/www.esthetiquecdegrace.ca\/en\/wp-json\/wp\/v2\/pages"}],"about":[{"href":"https:\/\/www.esthetiquecdegrace.ca\/en\/wp-json\/wp\/v2\/types\/page"}],"author":[{"embeddable":true,"href":"https:\/\/www.esthetiquecdegrace.ca\/en\/wp-json\/wp\/v2\/users\/1"}],"replies":[{"embeddable":true,"href":"https:\/\/www.esthetiquecdegrace.ca\/en\/wp-json\/wp\/v2\/comments?post=2018"}],"version-history":[{"count":0,"href":"https:\/\/www.esthetiquecdegrace.ca\/en\/wp-json\/wp\/v2\/pages\/2018\/revisions"}],"wp:attachment":[{"href":"https:\/\/www.esthetiquecdegrace.ca\/en\/wp-json\/wp\/v2\/media?parent=2018"}],"curies":[{"name":"wp","href":"https:\/\/api.w.org\/{rel}","templated":true}]}}