{"id":774,"date":"2017-01-30T15:33:33","date_gmt":"2017-01-30T20:33:33","guid":{"rendered":"http:\/\/www.esthetiquecdegrace.ca\/?page_id=774"},"modified":"2024-11-25T12:36:52","modified_gmt":"2024-11-25T17:36:52","slug":"photorajeunissement-et-correction-cutanee","status":"publish","type":"page","link":"https:\/\/www.esthetiquecdegrace.ca\/en\/photorajeunissement-et-correction-cutanee\/","title":{"rendered":"Photorejuvenation and skin correction"},"content":{"rendered":"<div data-elementor-type=\"wp-page\" data-elementor-id=\"774\" class=\"elementor elementor-774\" data-elementor-post-type=\"page\">\n\t\t\t\t\t\t<section class=\"elementor-section elementor-top-section elementor-element elementor-element-17e6424f pbmit-col-stretched-none pbmit-bg-color-over-image elementor-section-boxed elementor-section-height-default elementor-section-height-default\" data-id=\"17e6424f\" data-element_type=\"section\" data-e-type=\"section\">\n\t\t\t\t\t\t<div class=\"elementor-container elementor-column-gap-default\">\n\t\t\t\t\t<div class=\"elementor-column elementor-col-100 elementor-top-column elementor-element elementor-element-3584184f pbmit-bg-color-over-image\" data-id=\"3584184f\" data-element_type=\"column\" data-e-type=\"column\">\n\t\t\t<div class=\"elementor-widget-wrap elementor-element-populated\">\n\t\t\t\t\t\t<div class=\"elementor-element elementor-element-72229690 elementor-widget elementor-widget-text-editor\" data-id=\"72229690\" data-element_type=\"widget\" data-e-type=\"widget\" data-widget_type=\"text-editor.default\">\n\t\t\t\t<div class=\"elementor-widget-container\">\n\t\t\t\t\t\t\t\t\t<section id=\"section-640cb3c6e48d9\" class=\"fw-main-row section-spacing auto\"><div>\u00a0<\/div><div class=\"fw-container\"><div class=\"fw-row\"><div id=\"column-640cb3c6e4b4a\" class=\"fw-col-md-12\"><div class=\"fw-main-row\"><div class=\"fw-col-inner\"><div id=\"xs-sc-8970bdfc\" class=\"fw-divider-space space-md\">\u00a0<\/div><\/div><\/div><\/div><\/div><\/div><\/section><section id=\"section-640cb3c6e4d9a\" class=\"fw-main-row section-spacing auto\"><div>\u00a0<\/div><div class=\"fw-container\"><div class=\"fw-row\"><div id=\"column-640cb3c6e5028\" class=\"fw-col-md-12\"><div class=\"fw-main-row\"><div class=\"fw-col-inner\"><div class=\"features-img text-center wow fadeInLeft animated\" data-wow-duration=\"2s\" data-wow-offset=\"200\"><div class=\"feature-img\"><img decoding=\"async\" class=\"img-responsive\" src=\"\/\/www.esthetiquecdegrace.ca\/wp-content\/uploads\/Photorajeunissement-e1485705464814.jpg\" alt=\"\" \/><\/div><h3>\u00a0<\/h3><p class=\"feature-content\">\u00a0<\/p><\/div><\/div><\/div><\/div><\/div><div class=\"fw-row\"><div id=\"column-640cb3c6e53af\" class=\"fw-col-md-12\"><div class=\"fw-main-row\"><div class=\"fw-col-inner\"><h2 class=\"fw-title wow fadeInTop animated text-center\" style=\"color: #1992ad;\" data-wow-duration=\"1.5s\">Photorejuvenation<\/h2><\/div><\/div><\/div><\/div><div class=\"fw-row\"><div id=\"column-640cb3c6e5677\" class=\"fw-col-md-12\"><div class=\"fw-main-row\"><div class=\"fw-col-inner\"><h4>Give your skin a youthful look with photorejuvenation treatments. In just a few sessions, you will see a reduction in the appearance of wrinkles, fine lines and enlarged pores. Intense pulsed light also improves skin tone by stimulating the cells responsible for the production of collagen and elastin. Normally 2 to 6 sessions are required.<\/h4><h4>However, this number varies depending on the condition of the skin. This treatment is painless and leaves no redness or discomfort. Graduated from two renowned schools in photorejuvenation and accredited by the government, (Acad\u00e9mie comp\u00e9tences beaut\u00e9 and Dectro).<\/h4><\/div><\/div><\/div><\/div><div class=\"fw-row\"><div id=\"column-640cb3c6e58dd\" class=\"fw-col-md-12\"><div class=\"fw-main-row\"><div class=\"fw-col-inner\"><h2 class=\"fw-title wow fadeInTop animated text-center\" style=\"color: #1992ad;\" data-wow-duration=\"1.5s\">Skin correction<\/h2><\/div><\/div><\/div><\/div><div class=\"fw-row\"><div id=\"column-640cb3c6e5afd\" class=\"fw-col-md-12\"><div class=\"fw-main-row\"><div class=\"fw-col-inner\"><h4>Apilux has all the technology needed to get rid of several skin imperfections. Thanks to a variety of filters, our device can clearly reduce pigment spots, redness (rosacea) and acne scars. With Apilux, you are just a few treatments away from perfect skin!<\/h4><\/div><\/div><\/div><\/div><div class=\"fw-row\"><div id=\"column-640cb3c6e5ced\" class=\"fw-col-md-12\"><div class=\"fw-main-row\"><div class=\"fw-col-inner\"><div id=\"xs-sc-9265a68e\" class=\"fw-divider-space space-md\">\u00a0<\/div><\/div><\/div><\/div><\/div><div class=\"fw-row\"><div id=\"column-640cb3c6e5f19\" class=\"fw-col-md-12\"><div class=\"fw-main-row\"><div class=\"fw-col-inner\"><h2 class=\"fw-title wow fadeInTop animated text-center\" style=\"color: #1992ad;\" data-wow-duration=\"1.5s\">Free consultation and evaluation<\/h2><\/div><\/div><\/div><\/div><div class=\"fw-row\"><div id=\"column-640cb3c6e612b\" class=\"fw-col-md-12\"><div class=\"fw-main-row\"><div class=\"fw-col-inner\"><div class=\"features-img text-center wow fadeInLeft animated\" data-wow-duration=\"2s\" data-wow-offset=\"200\"><div class=\"feature-img\"><img class=\"img-responsive\" alt=\"\" \/><\/div><h3>\u00a0<\/h3><p class=\"feature-content\">\u00a0<\/p><\/div><\/div><\/div><\/div><\/div><div class=\"fw-row\"><div id=\"column-640cb3c6e6384\" class=\"fw-col-md-12\"><div class=\"fw-main-row\"><div class=\"fw-col-inner\"><h2 style=\"text-align: center;\">Price per treatment: 200$<\/h2><h3 style=\"text-align: center;\">\u00a0<\/h3><\/div><\/div><\/div><\/div><\/div><\/section><section id=\"section-640cb3c6e6505\" class=\"fw-main-row section-spacing auto\"><div>\u00a0<\/div><div class=\"fw-container\"><div class=\"fw-row\"><div id=\"column-640cb3c6e66e0\" class=\"fw-col-md-12\"><div class=\"fw-main-row\"><div class=\"fw-col-inner\"><div class=\"features-img text-center wow fadeInLeft animated\" data-wow-duration=\"2s\" data-wow-offset=\"200\"><div class=\"feature-img\"><img class=\"img-responsive\" alt=\"\" \/><\/div><h3>\u00a0<\/h3><p><a class=\"btn btn-default btn-lg\" title=\"More information\" href=\"https:\/\/www.esthetiquecdegrace.ca\/en\/nous-joindre\/\" target=\"_self\" rel=\"noopener\"><br \/>Pour plus de renseignements <\/a><\/p><\/div><\/div><\/div><\/div><\/div><\/div><\/section><section id=\"section-640cb3c6e68e1\" class=\"fw-main-row section-spacing auto\"><div>\u00a0<\/div><div class=\"fw-container\"><div class=\"fw-row\"><div id=\"column-640cb3c6e6a69\" class=\"fw-col-md-12\"><div class=\"fw-main-row\"><div class=\"fw-col-inner\"><div class=\"features-img text-center wow fadeInLeft animated\" data-wow-duration=\"2s\" data-wow-offset=\"200\"><div class=\"feature-img\"><img decoding=\"async\" class=\"img-responsive\" src=\"\/\/www.esthetiquecdegrace.ca\/wp-content\/uploads\/fleur-seule-bleu-e1486323602660.png\" alt=\"\" \/><\/div><h3>\u00a0<\/h3><p class=\"feature-content\">\u00a0<\/p><\/div><\/div><\/div><\/div><\/div><\/div><\/section><p><!-- a09603aa64d88bacd83d6789b58a034d --><\/p>\t\t\t\t\t\t\t\t<\/div>\n\t\t\t\t<\/div>\n\t\t\t\t\t<\/div>\n\t\t<\/div>\n\t\t\t\t\t<\/div>\n\t\t<\/section>\n\t\t\t\t<\/div>","protected":false},"excerpt":{"rendered":"<p>\u00a0\u00a0 \u00a0 \u00a0 \u00a0 Photorajeunissement Donnez un air de jeunesse \u00e0 votre peau gr\u00e2ce aux soins de photorajeunissement. En quelques s\u00e9ances, vous observerez une r\u00e9duction de l&rsquo;apparence des rides, ridules et pores dilat\u00e9s. La lumi\u00e8re intense puls\u00e9e permet \u00e9galement d&rsquo;am\u00e9liorer la tonicit\u00e9 de la peau en stimulant les cellules responsables de la production du collag\u00e8ne [&hellip;]<\/p>\n","protected":false},"author":1,"featured_media":0,"parent":0,"menu_order":0,"comment_status":"closed","ping_status":"closed","template":"","meta":{"_acf_changed":false,"inline_featured_image":false,"_monsterinsights_skip_tracking":false,"_monsterinsights_sitenote_active":false,"_monsterinsights_sitenote_note":"","_monsterinsights_sitenote_category":0,"footnotes":""},"class_list":["post-774","page","type-page","status-publish","hentry"],"acf":[],"yoast_head":"<!-- This site is optimized with the Yoast SEO Premium plugin v26.4 (Yoast SEO v27.3) - https:\/\/yoast.com\/product\/yoast-seo-premium-wordpress\/ -->\n<title>Photorajeunissement (IPL) | Esth\u00e9tique Cl\u00e9mence de Gr\u00e2ce<\/title>\n<meta name=\"description\" content=\"Photorajeunissement et correction cutan\u00e9e (IPL) pour une peau en sant\u00e9. Avec Aplilux vous \u00eates \u00e0 quelques traitements d&#039;une peau parfaite.\" \/>\n<meta name=\"robots\" content=\"index, follow, max-snippet:-1, max-image-preview:large, max-video-preview:-1\" \/>\n<link rel=\"canonical\" href=\"https:\/\/www.esthetiquecdegrace.ca\/en\/photorajeunissement-et-correction-cutanee\/\" \/>\n<meta property=\"og:locale\" content=\"en_US\" \/>\n<meta property=\"og:type\" content=\"article\" \/>\n<meta property=\"og:title\" content=\"Photorajeunissement et correction cutan\u00e9e\" \/>\n<meta property=\"og:description\" content=\"\u00a0\u00a0\u00a0\u00a0\u00a0PhotorajeunissementDonnez un air de jeunesse \u00e0 votre peau gr\u00e2ce aux soins de photorajeunissement. En quelques s\u00e9ances, vous observerez une r\u00e9duction\" \/>\n<meta property=\"og:url\" content=\"https:\/\/www.esthetiquecdegrace.ca\/en\/photorajeunissement-et-correction-cutanee\/\" \/>\n<meta property=\"og:site_name\" content=\"Esth\u00e9tique Cl\u00e9mence de Gr\u00e2ce\" \/>\n<meta property=\"article:publisher\" content=\"https:\/\/www.facebook.com\/esthetique.cdegrace\/\" \/>\n<meta property=\"article:modified_time\" content=\"2024-11-25T17:36:52+00:00\" \/>\n<meta name=\"twitter:card\" content=\"summary_large_image\" \/>\n<meta name=\"twitter:label1\" content=\"Est. reading time\" \/>\n\t<meta name=\"twitter:data1\" content=\"2 minutes\" \/>\n<script type=\"application\/ld+json\" class=\"yoast-schema-graph\">{\"@context\":\"https:\\\/\\\/schema.org\",\"@graph\":[{\"@type\":\"WebPage\",\"@id\":\"https:\\\/\\\/www.esthetiquecdegrace.ca\\\/photorajeunissement-et-correction-cutanee\\\/\",\"url\":\"https:\\\/\\\/www.esthetiquecdegrace.ca\\\/photorajeunissement-et-correction-cutanee\\\/\",\"name\":\"Photorajeunissement (IPL) | Esth\u00e9tique Cl\u00e9mence de Gr\u00e2ce\",\"isPartOf\":{\"@id\":\"https:\\\/\\\/www.esthetiquecdegrace.ca\\\/#website\"},\"datePublished\":\"2017-01-30T20:33:33+00:00\",\"dateModified\":\"2024-11-25T17:36:52+00:00\",\"description\":\"Photorajeunissement et correction cutan\u00e9e (IPL) pour une peau en sant\u00e9. Avec Aplilux vous \u00eates \u00e0 quelques traitements d'une peau parfaite.\",\"breadcrumb\":{\"@id\":\"https:\\\/\\\/www.esthetiquecdegrace.ca\\\/photorajeunissement-et-correction-cutanee\\\/#breadcrumb\"},\"inLanguage\":\"en-CA\",\"potentialAction\":[{\"@type\":\"ReadAction\",\"target\":[\"https:\\\/\\\/www.esthetiquecdegrace.ca\\\/photorajeunissement-et-correction-cutanee\\\/\"]}]},{\"@type\":\"BreadcrumbList\",\"@id\":\"https:\\\/\\\/www.esthetiquecdegrace.ca\\\/photorajeunissement-et-correction-cutanee\\\/#breadcrumb\",\"itemListElement\":[{\"@type\":\"ListItem\",\"position\":1,\"name\":\"Home\",\"item\":\"https:\\\/\\\/www.esthetiquecdegrace.ca\\\/\"},{\"@type\":\"ListItem\",\"position\":2,\"name\":\"Photorajeunissement et correction cutan\u00e9e\"}]},{\"@type\":\"WebSite\",\"@id\":\"https:\\\/\\\/www.esthetiquecdegrace.ca\\\/#website\",\"url\":\"https:\\\/\\\/www.esthetiquecdegrace.ca\\\/\",\"name\":\"Esth\u00e9tique Cl\u00e9mence de Gr\u00e2ce\",\"description\":\"Soins complets, m\u00e9dico-esth\u00e9tique\",\"publisher\":{\"@id\":\"https:\\\/\\\/www.esthetiquecdegrace.ca\\\/#organization\"},\"potentialAction\":[{\"@type\":\"SearchAction\",\"target\":{\"@type\":\"EntryPoint\",\"urlTemplate\":\"https:\\\/\\\/www.esthetiquecdegrace.ca\\\/?s={search_term_string}\"},\"query-input\":{\"@type\":\"PropertyValueSpecification\",\"valueRequired\":true,\"valueName\":\"search_term_string\"}}],\"inLanguage\":\"en-CA\"},{\"@type\":[\"Organization\",\"Place\",\"BeautySalon\"],\"@id\":\"https:\\\/\\\/www.esthetiquecdegrace.ca\\\/#organization\",\"name\":\"Centre d'esth\u00e9tique Cl\u00e9mence de Gr\u00e2ce\",\"alternateName\":\"Esthetique C de Grace\",\"url\":\"https:\\\/\\\/www.esthetiquecdegrace.ca\\\/\",\"logo\":{\"@type\":\"ImageObject\",\"inLanguage\":\"en-CA\",\"@id\":\"https:\\\/\\\/www.esthetiquecdegrace.ca\\\/#\\\/schema\\\/logo\\\/image\\\/\",\"url\":\"https:\\\/\\\/www.esthetiquecdegrace.ca\\\/wp-content\\\/uploads\\\/logo-addresse-e1524744904317-site-web-e1636899900800.jpg\",\"contentUrl\":\"https:\\\/\\\/www.esthetiquecdegrace.ca\\\/wp-content\\\/uploads\\\/logo-addresse-e1524744904317-site-web-e1636899900800.jpg\",\"width\":955,\"height\":349,\"caption\":\"Centre d'esth\u00e9tique Cl\u00e9mence de Gr\u00e2ce\"},\"image\":{\"@id\":\"https:\\\/\\\/www.esthetiquecdegrace.ca\\\/#\\\/schema\\\/logo\\\/image\\\/\"},\"sameAs\":[\"https:\\\/\\\/www.facebook.com\\\/esthetique.cdegrace\\\/\"],\"telephone\":[\"15143543116\"],\"email\":\"info@esthetiquecdegrace.com\",\"currenciesAccepted\":\"ca\",\"paymentAccepted\":\"all\",\"openingHoursSpecification\":[]}]}<\/script>\n<!-- \/ Yoast SEO Premium plugin. -->","yoast_head_json":{"title":"Photorajeunissement (IPL) | Esth\u00e9tique Cl\u00e9mence de Gr\u00e2ce","description":"Photorajeunissement et correction cutan\u00e9e (IPL) pour une peau en sant\u00e9. Avec Aplilux vous \u00eates \u00e0 quelques traitements d'une peau parfaite.","robots":{"index":"index","follow":"follow","max-snippet":"max-snippet:-1","max-image-preview":"max-image-preview:large","max-video-preview":"max-video-preview:-1"},"canonical":"https:\/\/www.esthetiquecdegrace.ca\/en\/photorajeunissement-et-correction-cutanee\/","og_locale":"en_US","og_type":"article","og_title":"Photorajeunissement et correction cutan\u00e9e","og_description":"\u00a0\u00a0\u00a0\u00a0\u00a0PhotorajeunissementDonnez un air de jeunesse \u00e0 votre peau gr\u00e2ce aux soins de photorajeunissement. En quelques s\u00e9ances, vous observerez une r\u00e9duction","og_url":"https:\/\/www.esthetiquecdegrace.ca\/en\/photorajeunissement-et-correction-cutanee\/","og_site_name":"Esth\u00e9tique Cl\u00e9mence de Gr\u00e2ce","article_publisher":"https:\/\/www.facebook.com\/esthetique.cdegrace\/","article_modified_time":"2024-11-25T17:36:52+00:00","twitter_card":"summary_large_image","twitter_misc":{"Est. reading time":"2 minutes"},"schema":{"@context":"https:\/\/schema.org","@graph":[{"@type":"WebPage","@id":"https:\/\/www.esthetiquecdegrace.ca\/photorajeunissement-et-correction-cutanee\/","url":"https:\/\/www.esthetiquecdegrace.ca\/photorajeunissement-et-correction-cutanee\/","name":"Photorajeunissement (IPL) | Esth\u00e9tique Cl\u00e9mence de Gr\u00e2ce","isPartOf":{"@id":"https:\/\/www.esthetiquecdegrace.ca\/#website"},"datePublished":"2017-01-30T20:33:33+00:00","dateModified":"2024-11-25T17:36:52+00:00","description":"Photorajeunissement et correction cutan\u00e9e (IPL) pour une peau en sant\u00e9. Avec Aplilux vous \u00eates \u00e0 quelques traitements d'une peau parfaite.","breadcrumb":{"@id":"https:\/\/www.esthetiquecdegrace.ca\/photorajeunissement-et-correction-cutanee\/#breadcrumb"},"inLanguage":"en-CA","potentialAction":[{"@type":"ReadAction","target":["https:\/\/www.esthetiquecdegrace.ca\/photorajeunissement-et-correction-cutanee\/"]}]},{"@type":"BreadcrumbList","@id":"https:\/\/www.esthetiquecdegrace.ca\/photorajeunissement-et-correction-cutanee\/#breadcrumb","itemListElement":[{"@type":"ListItem","position":1,"name":"Home","item":"https:\/\/www.esthetiquecdegrace.ca\/"},{"@type":"ListItem","position":2,"name":"Photorajeunissement et correction cutan\u00e9e"}]},{"@type":"WebSite","@id":"https:\/\/www.esthetiquecdegrace.ca\/#website","url":"https:\/\/www.esthetiquecdegrace.ca\/","name":"Aesthetics Clemency of Grace","description":"Comprehensive care, medico-aesthetic","publisher":{"@id":"https:\/\/www.esthetiquecdegrace.ca\/#organization"},"potentialAction":[{"@type":"SearchAction","target":{"@type":"EntryPoint","urlTemplate":"https:\/\/www.esthetiquecdegrace.ca\/?s={search_term_string}"},"query-input":{"@type":"PropertyValueSpecification","valueRequired":true,"valueName":"search_term_string"}}],"inLanguage":"en-CA"},{"@type":["Organization","Place","BeautySalon"],"@id":"https:\/\/www.esthetiquecdegrace.ca\/#organization","name":"Centre d'esth\u00e9tique Cl\u00e9mence de Gr\u00e2ce","alternateName":"Esthetique C de Grace","url":"https:\/\/www.esthetiquecdegrace.ca\/","logo":{"@type":"ImageObject","inLanguage":"en-CA","@id":"https:\/\/www.esthetiquecdegrace.ca\/#\/schema\/logo\/image\/","url":"https:\/\/www.esthetiquecdegrace.ca\/wp-content\/uploads\/logo-addresse-e1524744904317-site-web-e1636899900800.jpg","contentUrl":"https:\/\/www.esthetiquecdegrace.ca\/wp-content\/uploads\/logo-addresse-e1524744904317-site-web-e1636899900800.jpg","width":955,"height":349,"caption":"Centre d'esth\u00e9tique Cl\u00e9mence de Gr\u00e2ce"},"image":{"@id":"https:\/\/www.esthetiquecdegrace.ca\/#\/schema\/logo\/image\/"},"sameAs":["https:\/\/www.facebook.com\/esthetique.cdegrace\/"],"telephone":["15143543116"],"email":"info@esthetiquecdegrace.com","currenciesAccepted":"ca","paymentAccepted":"all","openingHoursSpecification":[]}]}},"_links":{"self":[{"href":"https:\/\/www.esthetiquecdegrace.ca\/en\/wp-json\/wp\/v2\/pages\/774","targetHints":{"allow":["GET"]}}],"collection":[{"href":"https:\/\/www.esthetiquecdegrace.ca\/en\/wp-json\/wp\/v2\/pages"}],"about":[{"href":"https:\/\/www.esthetiquecdegrace.ca\/en\/wp-json\/wp\/v2\/types\/page"}],"author":[{"embeddable":true,"href":"https:\/\/www.esthetiquecdegrace.ca\/en\/wp-json\/wp\/v2\/users\/1"}],"replies":[{"embeddable":true,"href":"https:\/\/www.esthetiquecdegrace.ca\/en\/wp-json\/wp\/v2\/comments?post=774"}],"version-history":[{"count":35,"href":"https:\/\/www.esthetiquecdegrace.ca\/en\/wp-json\/wp\/v2\/pages\/774\/revisions"}],"predecessor-version":[{"id":2406,"href":"https:\/\/www.esthetiquecdegrace.ca\/en\/wp-json\/wp\/v2\/pages\/774\/revisions\/2406"}],"wp:attachment":[{"href":"https:\/\/www.esthetiquecdegrace.ca\/en\/wp-json\/wp\/v2\/media?parent=774"}],"curies":[{"name":"wp","href":"https:\/\/api.w.org\/{rel}","templated":true}]}}